{"id":318,"date":"2017-04-19T20:03:48","date_gmt":"2017-04-19T20:03:48","guid":{"rendered":"http:\/\/preview.spatzennest-heggen.de\/?page_id=318"},"modified":"2018-07-10T09:40:39","modified_gmt":"2018-07-10T09:40:39","slug":"impressum","status":"publish","type":"page","link":"https:\/\/spatzennest-heggen.de\/?page_id=318","title":{"rendered":"Impressum"},"content":{"rendered":"<div id=\"art-main\">\n<div class=\"art-sheet\">\n<div class=\"art-sheet-body\">\n<div class=\"art-content-layout\">\n<div class=\"art-content-layout-row\">\n<div class=\"art-layout-cell art-content\">\n<div class=\"art-post\">\n<div class=\"art-post-body\">\n<div class=\"art-post-inner\">\n<div class=\"art-postcontent\">\n<div class=\"art-article\">\n<p><strong>Kindergarten &amp; Familienzentrum Spatzennest e.V.<\/strong><br \/>\nAhauser Stra\u00dfe 20<br \/>\n57413 Finnentrop-Heggen<br \/>\nTelefon: 02721 50419<br \/>\nTelefax: 02721 601167<br \/>\nInternet: www.spatzennest-heggen.de<br \/>\nemail: <a href=\"mailto:info@spatzennest-heggen.de\">info@spatzennest-heggen.de<\/a><\/p>\n<p>verantwortlich f\u00fcr den Inhalt: Helga Bleinroth<\/p>\n<p>&nbsp;<\/p>\n<p><span style=\"color: #000000; \"><strong>Datenschutzerkl\u00e4rung<\/strong>\u00a0<\/span><\/p>\n<\/div>\n<p><span style=\"color: #000000; \">Wir freuen uns, dass Sie unsere Internetseite nutzen. Mit der Nutzung erkl\u00e4ren Sie sich gem\u00e4\u00df der Datenschutzerkl\u00e4rung mit der Erhebung, Verarbeitung und Nutzung von Daten einverstanden. Die Nutzung erfolgt ohne Registrierung. Es werden verschiedene Informationen des Bereichs dieser Internetseite erfasst. So z. B. aufgerufene Seiten, Datum und Uhrzeit. Diese Daten werden f\u00fcr statistische Zwecke gespeichert. Ein R\u00fcckschluss auf Ihre Person ist nicht m\u00f6glich. I P Adressen werden ebenfalls nicht gespeichert. Soweit auf der Internetseite personenbezogene Daten abgefragt werden, beispielsweise f\u00fcr die Aufnahme eines Kontaktes oder das Anmeldeformular erfolgt die Angabe auf freiwilliger\u00a0 Basis. Wir sichern Ihnen zu, dass ohne Ihre Ausdr\u00fcckliche vorherige Einwilligung keine Weitergabe von Daten an Dritte erfolgt. <\/span><\/p>\n<p><span style=\"color: #000000; \">Heggen, 21.06.2018<\/span><\/p>\n<\/div>\n<\/div>\n<\/div>\n<\/div>\n<\/div>\n<\/div>\n<\/div>\n<\/div>\n<\/div>\n<\/div>\n","protected":false},"excerpt":{"rendered":"<p>Kindergarten &amp; Familienzentrum Spatzennest e.V. Ahauser Stra\u00dfe 20 57413 Finnentrop-Heggen Telefon: 02721 50419 Telefax: 02721 601167 Internet: www.spatzennest-heggen.de email: info@spatzennest-heggen.de verantwortlich f\u00fcr den Inhalt: Helga Bleinroth &nbsp; Datenschutzerkl\u00e4rung\u00a0 Wir freuen uns, dass Sie unsere Internetseite nutzen. Mit der Nutzung erkl\u00e4ren Sie sich gem\u00e4\u00df der Datenschutzerkl\u00e4rung mit der Erhebung, Verarbeitung und Nutzung von Daten einverstanden. Die [&hellip;]<\/p>\n","protected":false},"author":5,"featured_media":0,"parent":0,"menu_order":7,"comment_status":"closed","ping_status":"closed","template":"","meta":{"footnotes":""},"class_list":["post-318","page","type-page","status-publish","hentry"],"_links":{"self":[{"href":"https:\/\/spatzennest-heggen.de\/index.php?rest_route=\/wp\/v2\/pages\/318","targetHints":{"allow":["GET"]}}],"collection":[{"href":"https:\/\/spatzennest-heggen.de\/index.php?rest_route=\/wp\/v2\/pages"}],"about":[{"href":"https:\/\/spatzennest-heggen.de\/index.php?rest_route=\/wp\/v2\/types\/page"}],"author":[{"embeddable":true,"href":"https:\/\/spatzennest-heggen.de\/index.php?rest_route=\/wp\/v2\/users\/5"}],"replies":[{"embeddable":true,"href":"https:\/\/spatzennest-heggen.de\/index.php?rest_route=%2Fwp%2Fv2%2Fcomments&post=318"}],"version-history":[{"count":4,"href":"https:\/\/spatzennest-heggen.de\/index.php?rest_route=\/wp\/v2\/pages\/318\/revisions"}],"predecessor-version":[{"id":800,"href":"https:\/\/spatzennest-heggen.de\/index.php?rest_route=\/wp\/v2\/pages\/318\/revisions\/800"}],"wp:attachment":[{"href":"https:\/\/spatzennest-heggen.de\/index.php?rest_route=%2Fwp%2Fv2%2Fmedia&parent=318"}],"curies":[{"name":"wp","href":"https:\/\/api.w.org\/{rel}","templated":true}]}}