{"id":430,"date":"2017-05-24T11:39:49","date_gmt":"2017-05-24T11:39:49","guid":{"rendered":"http:\/\/preview.spatzennest-heggen.de\/?page_id=430"},"modified":"2025-09-22T09:05:42","modified_gmt":"2025-09-22T09:05:42","slug":"traeger","status":"publish","type":"page","link":"https:\/\/spatzennest-heggen.de\/?page_id=430","title":{"rendered":"Tr\u00e4ger"},"content":{"rendered":"<p>Der Elternverein des Spatzennestes ist eine Elterninitiative und der Tr\u00e4ger der Kindertagesst\u00e4tte.<br \/>Der Jahresbeitrag der Mitgliedschaft (w\u00e4hrend des laufenden Betreuungsvertrages verpflichtend) betr\u00e4gt pro Familie 20,00 Euro, bei Alleinerziehenden 10,00 Euro.<br \/>Einmal im Jahr berichtet der Vorstand in einer offiziellen Sitzung \u00fcber die Neuerungen im Kindergarten, die finanzielle Entwicklung, die Kassenpr\u00fcfung u.a.m.<\/p>\n<h2>Der Vorstand<\/h2>\n<p>Er ist zust\u00e4ndig f\u00fcr die Leitung des Elternvereins, und trifft Entscheidungen \u00a0zu Personalangelegenheiten, Gruppenbelegung, Anschaffungen, Schlie\u00dfzeiten usw.<\/p>\n<p>\u2022 Thorsten Trinks\u00a0 \u00a0 \u00a0 \u00a0 1. Vorsitzender\u00a0 \u00a0 \u00a0 \u00a0 \u00a0 \u00a0 \u00a0 \u00a0 Telefon: 0173-4579082<\/p>\n<p>\u2022 Sabine Baltes\u00a0 \u00a0 \u00a0 \u00a0 \u00a0 \u00a0 \u00a02. Vorsitzende\u00a0 \u00a0 \u00a0 \u00a0 \u00a0 \u00a0 \u00a0 \u00a0 \u00a0Telefon: 02721- 79976<\/p>\n<p>\u2022 Eisel Michaela\u00a0 \u00a0 \u00a0 \u00a0 \u00a0 \u00a0 \u00a0(Beisitzerin)<\/p>\n<p>\u2022 Denise Weber\u00a0 \u00a0 \u00a0 \u00a0 \u00a0 \u00a0 \u00a0 (Beisitzerin)<\/p>\n<p>\u2022 Annette Schwabe\u00a0 \u00a0 \u00a0 \u00a0(Gesch\u00e4ftsf\u00fchrerin)\u00a0 \u00a0 \u00a0 \u00a0 \u00a0 \u00a0 Telefon: 02721-512115<\/p>\n<h2>\u00a0<\/h2>\n\n\n<p><\/p>\n","protected":false},"excerpt":{"rendered":"<p>Der Elternverein des Spatzennestes ist eine Elterninitiative und der Tr\u00e4ger der Kindertagesst\u00e4tte.Der Jahresbeitrag der Mitgliedschaft (w\u00e4hrend des laufenden Betreuungsvertrages verpflichtend) betr\u00e4gt pro Familie 20,00 Euro, bei Alleinerziehenden 10,00 Euro.Einmal im Jahr berichtet der Vorstand in einer offiziellen Sitzung \u00fcber die Neuerungen im Kindergarten, die finanzielle Entwicklung, die Kassenpr\u00fcfung u.a.m. Der Vorstand Er ist zust\u00e4ndig f\u00fcr [&hellip;]<\/p>\n","protected":false},"author":5,"featured_media":0,"parent":229,"menu_order":3,"comment_status":"closed","ping_status":"closed","template":"","meta":{"footnotes":""},"class_list":["post-430","page","type-page","status-publish","hentry"],"_links":{"self":[{"href":"https:\/\/spatzennest-heggen.de\/index.php?rest_route=\/wp\/v2\/pages\/430","targetHints":{"allow":["GET"]}}],"collection":[{"href":"https:\/\/spatzennest-heggen.de\/index.php?rest_route=\/wp\/v2\/pages"}],"about":[{"href":"https:\/\/spatzennest-heggen.de\/index.php?rest_route=\/wp\/v2\/types\/page"}],"author":[{"embeddable":true,"href":"https:\/\/spatzennest-heggen.de\/index.php?rest_route=\/wp\/v2\/users\/5"}],"replies":[{"embeddable":true,"href":"https:\/\/spatzennest-heggen.de\/index.php?rest_route=%2Fwp%2Fv2%2Fcomments&post=430"}],"version-history":[{"count":17,"href":"https:\/\/spatzennest-heggen.de\/index.php?rest_route=\/wp\/v2\/pages\/430\/revisions"}],"predecessor-version":[{"id":1199,"href":"https:\/\/spatzennest-heggen.de\/index.php?rest_route=\/wp\/v2\/pages\/430\/revisions\/1199"}],"up":[{"embeddable":true,"href":"https:\/\/spatzennest-heggen.de\/index.php?rest_route=\/wp\/v2\/pages\/229"}],"wp:attachment":[{"href":"https:\/\/spatzennest-heggen.de\/index.php?rest_route=%2Fwp%2Fv2%2Fmedia&parent=430"}],"curies":[{"name":"wp","href":"https:\/\/api.w.org\/{rel}","templated":true}]}}