{"id":435,"date":"2017-05-24T11:42:22","date_gmt":"2017-05-24T11:42:22","guid":{"rendered":"http:\/\/preview.spatzennest-heggen.de\/?page_id=435"},"modified":"2024-12-03T08:35:49","modified_gmt":"2024-12-03T08:35:49","slug":"elternbeirat","status":"publish","type":"page","link":"https:\/\/spatzennest-heggen.de\/?page_id=435","title":{"rendered":"Elternbeirat"},"content":{"rendered":"<p>Unser Elternbeirat ist das \u201eSprachrohr\u201c der Elternschaft. Sie vermitteln bei Problemen und geben Anregungen der Eltern an uns weiter, die in der Beiratssitzung (halbj\u00e4hrlich und nach Bedarf) diskutiert werden. Die Protokolle der Sitzungen k\u00f6nnen auf Anfrage jederzeit eingesehen werden.<\/p>\n<p><strong>Spatzen:<\/strong><\/p>\n<p>Frau T. Bock<\/p>\n<p>Frau C. Neuschulte<\/p>\n<p><strong>K\u00fcken:<\/strong><\/p>\n<p>Frau K. Kampmann<\/p>\n<p>Frau K. Kruse<\/p>\n<p><strong>Nesth\u00fcpfer:\u00a0<\/strong><\/p>\n<p>Frau P. Kathol<\/p>\n<p>Frau Chr. Binkhoff<\/p>\n","protected":false},"excerpt":{"rendered":"<p>Unser Elternbeirat ist das \u201eSprachrohr\u201c der Elternschaft. Sie vermitteln bei Problemen und geben Anregungen der Eltern an uns weiter, die in der Beiratssitzung (halbj\u00e4hrlich und nach Bedarf) diskutiert werden. Die Protokolle der Sitzungen k\u00f6nnen auf Anfrage jederzeit eingesehen werden. Spatzen: Frau T. Bock Frau C. Neuschulte K\u00fcken: Frau K. Kampmann Frau K. Kruse Nesth\u00fcpfer:\u00a0 Frau [&hellip;]<\/p>\n","protected":false},"author":5,"featured_media":0,"parent":229,"menu_order":4,"comment_status":"closed","ping_status":"closed","template":"","meta":{"footnotes":""},"class_list":["post-435","page","type-page","status-publish","hentry"],"_links":{"self":[{"href":"https:\/\/spatzennest-heggen.de\/index.php?rest_route=\/wp\/v2\/pages\/435","targetHints":{"allow":["GET"]}}],"collection":[{"href":"https:\/\/spatzennest-heggen.de\/index.php?rest_route=\/wp\/v2\/pages"}],"about":[{"href":"https:\/\/spatzennest-heggen.de\/index.php?rest_route=\/wp\/v2\/types\/page"}],"author":[{"embeddable":true,"href":"https:\/\/spatzennest-heggen.de\/index.php?rest_route=\/wp\/v2\/users\/5"}],"replies":[{"embeddable":true,"href":"https:\/\/spatzennest-heggen.de\/index.php?rest_route=%2Fwp%2Fv2%2Fcomments&post=435"}],"version-history":[{"count":20,"href":"https:\/\/spatzennest-heggen.de\/index.php?rest_route=\/wp\/v2\/pages\/435\/revisions"}],"predecessor-version":[{"id":1188,"href":"https:\/\/spatzennest-heggen.de\/index.php?rest_route=\/wp\/v2\/pages\/435\/revisions\/1188"}],"up":[{"embeddable":true,"href":"https:\/\/spatzennest-heggen.de\/index.php?rest_route=\/wp\/v2\/pages\/229"}],"wp:attachment":[{"href":"https:\/\/spatzennest-heggen.de\/index.php?rest_route=%2Fwp%2Fv2%2Fmedia&parent=435"}],"curies":[{"name":"wp","href":"https:\/\/api.w.org\/{rel}","templated":true}]}}