{"id":52,"date":"2017-04-18T21:10:47","date_gmt":"2017-04-18T21:10:47","guid":{"rendered":"http:\/\/preview.spatzennest-heggen.de\/?page_id=52"},"modified":"2024-05-29T10:02:57","modified_gmt":"2024-05-29T10:02:57","slug":"familienzentrum","status":"publish","type":"page","link":"https:\/\/spatzennest-heggen.de\/?page_id=52","title":{"rendered":"Familienzentrum"},"content":{"rendered":"<h1><strong>Ein Treffpunkt f\u00fcr alle &#8211; das Familienzentrum<\/strong><\/h1>\n<p>Die Erziehung beeinflusst alle Lebensbereiche. Wir m\u00f6chten Ihnen durch unsere Angebote als zertifiziertes NRW &#8211; Familienzentrum Hilfestellung und Unterst\u00fctzung im Alltag anbieten. In unserer Funktion als Familienzentrum stellen wir beispielsweise auch interessierten Selbsthilfeorganisationen, Tageseltern oder anderen Vereinen f\u00fcr Einzelveranstaltungen wie beispielsweise dem\u00a0Yogakurs unsere R\u00e4umlichkeiten zur Verf\u00fcgung. Hierf\u00fcr k\u00f6nnen ein Gruppenraum oder die Turnhalle im Anschluss an den regul\u00e4ren Kindergartenbetrieb genutzt werden (ausgenommen sind Familienfeiern). Weitere Funktionen als Familienzentrum \u00fcbernehmen wir:<\/p>\n<ul>\n<li>Informationen zur kindlichen Entwicklung.<\/li>\n<li>Vater-Kind-Aktionen<\/li>\n<li>Bei der Beratung und Unterst\u00fctzung f\u00fcr Kinder und Familien.<\/li>\n<li>Unterst\u00fctzung bei der Vereinbarkeit von Familie und Beruf<\/li>\n<li>Ein Elterncaf\u00e9 &#8211; Treffpunkt von Eltern f\u00fcr Eltern (teilweise mit Themenangebot, z.B. Spielenachmittag, Buchvorstellungen etc.)<\/li>\n<li>Kooperation mit Spielkreisen, Sportvereinen, \u00f6ffentlichen und \u00f6rtlichen\u00a0Institutionen<\/li>\n<li>Kooperation mit Erziehungsberatungsstellen wie &#8222;Kompass&#8220; und &#8222;AufWind&#8220;<\/li>\n<\/ul>\n<p><img loading=\"lazy\" decoding=\"async\" class=\"alignnone size-full wp-image-1172\" src=\"http:\/\/spatzennest-heggen.de\/wp-content\/uploads\/2024\/05\/LogoNRW.jpg\" alt=\"\" width=\"148\" height=\"113\" \/><\/p>\n<h2><\/h2>\n","protected":false},"excerpt":{"rendered":"<p>Ein Treffpunkt f\u00fcr alle &#8211; das Familienzentrum Die Erziehung beeinflusst alle Lebensbereiche. Wir m\u00f6chten Ihnen durch unsere Angebote als zertifiziertes NRW &#8211; Familienzentrum Hilfestellung und Unterst\u00fctzung im Alltag anbieten. In unserer Funktion als Familienzentrum stellen wir beispielsweise auch interessierten Selbsthilfeorganisationen, Tageseltern oder anderen Vereinen f\u00fcr Einzelveranstaltungen wie beispielsweise dem\u00a0Yogakurs unsere R\u00e4umlichkeiten zur Verf\u00fcgung. Hierf\u00fcr k\u00f6nnen [&hellip;]<\/p>\n","protected":false},"author":5,"featured_media":0,"parent":0,"menu_order":2,"comment_status":"closed","ping_status":"closed","template":"","meta":{"footnotes":""},"class_list":["post-52","page","type-page","status-publish","hentry"],"_links":{"self":[{"href":"https:\/\/spatzennest-heggen.de\/index.php?rest_route=\/wp\/v2\/pages\/52","targetHints":{"allow":["GET"]}}],"collection":[{"href":"https:\/\/spatzennest-heggen.de\/index.php?rest_route=\/wp\/v2\/pages"}],"about":[{"href":"https:\/\/spatzennest-heggen.de\/index.php?rest_route=\/wp\/v2\/types\/page"}],"author":[{"embeddable":true,"href":"https:\/\/spatzennest-heggen.de\/index.php?rest_route=\/wp\/v2\/users\/5"}],"replies":[{"embeddable":true,"href":"https:\/\/spatzennest-heggen.de\/index.php?rest_route=%2Fwp%2Fv2%2Fcomments&post=52"}],"version-history":[{"count":10,"href":"https:\/\/spatzennest-heggen.de\/index.php?rest_route=\/wp\/v2\/pages\/52\/revisions"}],"predecessor-version":[{"id":1184,"href":"https:\/\/spatzennest-heggen.de\/index.php?rest_route=\/wp\/v2\/pages\/52\/revisions\/1184"}],"wp:attachment":[{"href":"https:\/\/spatzennest-heggen.de\/index.php?rest_route=%2Fwp%2Fv2%2Fmedia&parent=52"}],"curies":[{"name":"wp","href":"https:\/\/api.w.org\/{rel}","templated":true}]}}