{"id":62,"date":"2017-04-18T21:15:21","date_gmt":"2017-04-18T21:15:21","guid":{"rendered":"http:\/\/preview.spatzennest-heggen.de\/?page_id=62"},"modified":"2018-07-12T05:58:05","modified_gmt":"2018-07-12T05:58:05","slug":"paedagogische-inhalte","status":"publish","type":"page","link":"https:\/\/spatzennest-heggen.de\/?page_id=62","title":{"rendered":"P\u00e4dagogische Inhalte"},"content":{"rendered":"<div id=\"art-main\">\n<div class=\"art-sheet\">\n<div class=\"art-sheet-body\">\n<div class=\"art-content-layout\">\n<div class=\"art-content-layout-row\">\n<div class=\"art-layout-cell art-content\">\n<div class=\"art-post\">\n<div class=\"art-post-body\">\n<div class=\"art-post-inner\">\n<h1 class=\"art-postheadericons art-metadata-icons\"><b>Unser Leitbild<\/b><\/h1>\n<div class=\"art-postcontent\">\n<div class=\"art-article\">\n<h3><b>Bei uns ist jeder willkommen<\/b><\/h3>\n<p>Jeder wird bei uns wertgesch\u00e4tzt, gleich welcher Nation, Religion und Herkunft. Wir integrieren Kinder mit Behinderung, unterschiedlichen Entwicklungsvoraussetzungen und individuellen \u00a0F\u00f6rderbedarf. Durch spezielle qualifizierte Fachkr\u00e4fte.<\/p>\n<h3><b>Wir arbeiten nach dem\u00a0 Situationsansatz<\/b><\/h3>\n<p>Allt\u00e4gliche Situationen des Kinderlebens werden zu Lernsituationen. Wir unterst\u00fctzen Ihr Kind dabei, Fantasie und Kreativit\u00e4t im Spiel zu entfalten und Freude am Lernen zu entwickeln.<\/p>\n<h3><b>Die Kinder erfahren sich im letzten Kindergartenjahr als eine besondere Gruppe. <\/b><\/h3>\n<p>Diese Kinder nennen sich die \u201eLernf\u00fcchse\u201c. Sie treffen sich w\u00f6chentlich und erleben besondere Lernprojekte als gezielte Vorbereitung auf die Schulzeit.<\/p>\n<h3><b>Christliche Werte sind ein Element unserer P\u00e4dagogik<\/b><\/h3>\n<p>Kirchliche Feste \u00a0feiern wir mit den Kindern auf kindgerechte Art und vermitteln christliche Werte und ethisches Verhalten. Wir sind jedoch konfessionell nicht gebunden.<\/p>\n<h3><b>Wir sind kompetent und besch\u00e4ftigen ausschlie\u00dflich Fachpersonal<\/b><\/h3>\n<p>Jede Mitarbeiterin ist staatl. anerkannte Erzieherin. Stetige Fortbildung \u00a0ist f\u00fcr uns selbstverst\u00e4ndlich.\u00a0Neueste p\u00e4dagogische und wissenschaftliche Erkenntnisse flie\u00dfen in unsere t\u00e4gliche Arbeit ein.<\/p>\n<h3><b>Wir sind teamf\u00e4hig<\/b><\/h3>\n<p>Ein ehrlicher\u00a0 und konstruktiver Umgang miteinander pr\u00e4gt eine freundliche Atmosph\u00e4re in unserem Haus. Wir arbeiten zusammen, um die Qualit\u00e4t unserer Arbeit zu sichern.<\/p>\n<h3><b>Wir sind eine lernende und lehrende Institution <\/b><\/h3>\n<p>Unser Auftrag verpflichtet uns, Kindern \u201eWissen\u201c\u00a0 ganzheitlich\u00a0 zu vermitteln. Nicht nur Kinder lernen von uns, sondern wir lernen auch von Kindern. F\u00fcr zuk\u00fcnftige Berufsanf\u00e4nger und Interessierte \u00a0bieten wir Ausbildungs- und Praktikam\u00f6glichkeiten.<\/p>\n<h3><b>Wir sind eine familienerg\u00e4nzende Institution<\/b><\/h3>\n<p>Wir sind Gespr\u00e4chspartner f\u00fcr Eltern \u00a0und Familien in allen Fragen\u00a0 der Erziehung, Bildung und Betreuung. Wir unterliegen der Schweigepflicht.<\/p>\n<h3><b>Wir sind eine Elterninitiative <\/b><\/h3>\n<p>Tr\u00e4ger des Vereins sind \u00a0die Eltern. Die Mitarbeit der Eltern ist f\u00fcr uns selbstverst\u00e4ndlich. Wir sind eine Institution im Vereinsleben.<\/p>\n<\/div>\n<\/div>\n<\/div>\n<\/div>\n<\/div>\n<\/div>\n<\/div>\n<\/div>\n<\/div>\n<\/div>\n<\/div>\n","protected":false},"excerpt":{"rendered":"<p>Unser Leitbild Bei uns ist jeder willkommen Jeder wird bei uns wertgesch\u00e4tzt, gleich welcher Nation, Religion und Herkunft. Wir integrieren Kinder mit Behinderung, unterschiedlichen Entwicklungsvoraussetzungen und individuellen \u00a0F\u00f6rderbedarf. Durch spezielle qualifizierte Fachkr\u00e4fte. Wir arbeiten nach dem\u00a0 Situationsansatz Allt\u00e4gliche Situationen des Kinderlebens werden zu Lernsituationen. Wir unterst\u00fctzen Ihr Kind dabei, Fantasie und Kreativit\u00e4t im Spiel zu [&hellip;]<\/p>\n","protected":false},"author":5,"featured_media":0,"parent":0,"menu_order":3,"comment_status":"closed","ping_status":"closed","template":"","meta":{"footnotes":""},"class_list":["post-62","page","type-page","status-publish","hentry"],"_links":{"self":[{"href":"https:\/\/spatzennest-heggen.de\/index.php?rest_route=\/wp\/v2\/pages\/62","targetHints":{"allow":["GET"]}}],"collection":[{"href":"https:\/\/spatzennest-heggen.de\/index.php?rest_route=\/wp\/v2\/pages"}],"about":[{"href":"https:\/\/spatzennest-heggen.de\/index.php?rest_route=\/wp\/v2\/types\/page"}],"author":[{"embeddable":true,"href":"https:\/\/spatzennest-heggen.de\/index.php?rest_route=\/wp\/v2\/users\/5"}],"replies":[{"embeddable":true,"href":"https:\/\/spatzennest-heggen.de\/index.php?rest_route=%2Fwp%2Fv2%2Fcomments&post=62"}],"version-history":[{"count":6,"href":"https:\/\/spatzennest-heggen.de\/index.php?rest_route=\/wp\/v2\/pages\/62\/revisions"}],"predecessor-version":[{"id":828,"href":"https:\/\/spatzennest-heggen.de\/index.php?rest_route=\/wp\/v2\/pages\/62\/revisions\/828"}],"wp:attachment":[{"href":"https:\/\/spatzennest-heggen.de\/index.php?rest_route=%2Fwp%2Fv2%2Fmedia&parent=62"}],"curies":[{"name":"wp","href":"https:\/\/api.w.org\/{rel}","templated":true}]}}