{"id":64,"date":"2017-04-18T21:15:58","date_gmt":"2017-04-18T21:15:58","guid":{"rendered":"http:\/\/preview.spatzennest-heggen.de\/?page_id=64"},"modified":"2024-05-14T12:43:35","modified_gmt":"2024-05-14T12:43:35","slug":"lernfuechse","status":"publish","type":"page","link":"https:\/\/spatzennest-heggen.de\/?page_id=64","title":{"rendered":"Lernf\u00fcchse"},"content":{"rendered":"<p>\u00dcbergang vom Kindergarten in die Grundschule<\/p>\n<p>Unsere Lernf\u00fcchse<\/p>\n<p>Der Eintritt in die Schule ist f\u00fcr Kinder ein ganz besonderer Schritt. Das Kind verl\u00e4sst die vertraute Umgebung Kindergarten, in der es Sicherheit gefunden hat und sich vor allem durch Spielen, aber auch durch gezielte F\u00f6rderung erproben und entwickeln konnte. Im letzten Kindergartenjahr treffen sich ab den Herbstferien die Lernf\u00fcchse. Die Kinder sp\u00fcren, dass sie zu einer speziellen Zielgruppe geh\u00f6ren. Sie machen sich mit dem Gedanken vertraut, ein Schulkind zu werden und freuen sich auf die Schule. Die Lernf\u00fcchse \u00fcbernehmen besondere Aufgaben und genie\u00dfen Privilegien: Sie erleben unterschiedliche Aktivit\u00e4ten, sie machen das Jolinchen Sportabzeichen, besuchen die Feuerwehr, gestalten ihre Schult\u00fcte selbst und erleben eine Abschlussfeier und einiges mehr&#8230;<\/p>\n","protected":false},"excerpt":{"rendered":"<p>\u00dcbergang vom Kindergarten in die Grundschule Unsere Lernf\u00fcchse Der Eintritt in die Schule ist f\u00fcr Kinder ein ganz besonderer Schritt. Das Kind verl\u00e4sst die vertraute Umgebung Kindergarten, in der es Sicherheit gefunden hat und sich vor allem durch Spielen, aber auch durch gezielte F\u00f6rderung erproben und entwickeln konnte. Im letzten Kindergartenjahr treffen sich ab den [&hellip;]<\/p>\n","protected":false},"author":5,"featured_media":0,"parent":62,"menu_order":4,"comment_status":"closed","ping_status":"closed","template":"","meta":{"footnotes":""},"class_list":["post-64","page","type-page","status-publish","hentry"],"_links":{"self":[{"href":"https:\/\/spatzennest-heggen.de\/index.php?rest_route=\/wp\/v2\/pages\/64","targetHints":{"allow":["GET"]}}],"collection":[{"href":"https:\/\/spatzennest-heggen.de\/index.php?rest_route=\/wp\/v2\/pages"}],"about":[{"href":"https:\/\/spatzennest-heggen.de\/index.php?rest_route=\/wp\/v2\/types\/page"}],"author":[{"embeddable":true,"href":"https:\/\/spatzennest-heggen.de\/index.php?rest_route=\/wp\/v2\/users\/5"}],"replies":[{"embeddable":true,"href":"https:\/\/spatzennest-heggen.de\/index.php?rest_route=%2Fwp%2Fv2%2Fcomments&post=64"}],"version-history":[{"count":7,"href":"https:\/\/spatzennest-heggen.de\/index.php?rest_route=\/wp\/v2\/pages\/64\/revisions"}],"predecessor-version":[{"id":1151,"href":"https:\/\/spatzennest-heggen.de\/index.php?rest_route=\/wp\/v2\/pages\/64\/revisions\/1151"}],"up":[{"embeddable":true,"href":"https:\/\/spatzennest-heggen.de\/index.php?rest_route=\/wp\/v2\/pages\/62"}],"wp:attachment":[{"href":"https:\/\/spatzennest-heggen.de\/index.php?rest_route=%2Fwp%2Fv2%2Fmedia&parent=64"}],"curies":[{"name":"wp","href":"https:\/\/api.w.org\/{rel}","templated":true}]}}